{"id":2154,"date":"2020-06-25T12:53:32","date_gmt":"2020-06-25T10:53:32","guid":{"rendered":"http:\/\/eumass.eu\/?page_id=2154"},"modified":"2020-06-26T14:11:17","modified_gmt":"2020-06-26T12:11:17","slug":"official-supporter-of-cim","status":"publish","type":"page","link":"https:\/\/eumass.eu\/fr\/official-supporter-of-cim\/","title":{"rendered":"Soutien officiel de Cochrane"},"content":{"rendered":"<p>L\u2019EUMASS\/UEMASS soutient officiellement<a href=\"https:\/\/insuremed.cochrane.org\/\"> Cochrane Insurance Medicine (CIM)\/Cochrane M\u00e9decine d\u2019AssuranceCochrane Insurance Medicine (CIM).<\/a><\/p>\n<p style=\"font-weight: 400;\">Fond\u00e9e en 1993 sous la direction de Iain Chalmers, Cochrane est une organisation internationale ind\u00e9pendante et \u00e0 but non-lucratif. Sa mission est de favoriser la prise de d\u00e9cisions de sant\u00e9 \u00e9clair\u00e9es par les donn\u00e9es probantes, gr\u00e2ce \u00e0 des revues syst\u00e9matiques pertinentes, accessibles et de bonne qualit\u00e9 et \u00e0 d\u2019autres synth\u00e8ses de donn\u00e9es de recherche. Ces publications sont destin\u00e9es \u00e0 tous : professionnels de sant\u00e9, chercheurs, patients et aidants.<\/p>\n<p style=\"font-weight: 400;\"><a href=\"https:\/\/france.cochrane.org\/\" data-saferedirecturl=\"https:\/\/www.google.com\/url?q=https:\/\/france.cochrane.org\/&amp;source=gmail&amp;ust=1593258896156000&amp;usg=AFQjCNHuu6uxE0c5ncG77sFnZGvjmeDY_A\">https:\/\/france.cochrane.org\/<\/a><\/p>\n<p><a href=\"https:\/\/insuremed.cochrane.org\/\"><img loading=\"lazy\" decoding=\"async\" class=\"\" src=\"https:\/\/insuremed.cochrane.org\/sites\/insuremed.cochrane.org\/files\/public\/uploads\/cloud_cim_eumass.jpg\" width=\"568\" height=\"368\" \/><\/a><\/p>\n","protected":false},"excerpt":{"rendered":"<p>L\u2019EUMASS\/UEMASS soutient officiellement Cochrane Insurance Medicine (CIM)\/Cochrane M\u00e9decine d\u2019AssuranceCochrane Insurance Medicine (CIM). Fond\u00e9e en 1993 sous la direction de Iain Chalmers, Cochrane est une organisation internationale ind\u00e9pendante et \u00e0 but non-lucratif. Sa mission est de favoriser la prise de d\u00e9cisions de sant\u00e9 \u00e9clair\u00e9es par les donn\u00e9es probantes, gr\u00e2ce \u00e0 des revues syst\u00e9matiques pertinentes, accessibles et [&hellip;]<\/p>\n","protected":false},"author":2,"featured_media":0,"parent":0,"menu_order":0,"comment_status":"closed","ping_status":"closed","template":"","meta":{"_uag_custom_page_level_css":"","advgb_blocks_editor_width":"","advgb_blocks_columns_visual_guide":"","footnotes":""},"class_list":["post-2154","page","type-page","status-publish","hentry"],"translation":{"provider":"WPGlobus","version":"3.0.2","language":"fr","enabled_languages":["en","fr"],"languages":{"en":{"title":true,"content":true,"excerpt":false},"fr":{"title":true,"content":true,"excerpt":false}}},"uagb_featured_image_src":{"full":false,"thumbnail":false,"medium":false,"medium_large":false,"large":false,"1536x1536":false,"2048x2048":false},"uagb_author_info":{"display_name":"Oriana Bertucci","author_link":"https:\/\/eumass.eu\/fr\/author\/liesvanmeerbeek\/"},"uagb_comment_info":0,"uagb_excerpt":"L\u2019EUMASS\/UEMASS soutient officiellement Cochrane Insurance Medicine (CIM)\/Cochrane M\u00e9decine d\u2019AssuranceCochrane Insurance Medicine (CIM). Fond\u00e9e en 1993 sous la direction de Iain Chalmers, Cochrane est une organisation internationale ind\u00e9pendante et \u00e0 but non-lucratif. Sa mission est de favoriser la prise de d\u00e9cisions de sant\u00e9 \u00e9clair\u00e9es par les donn\u00e9es probantes, gr\u00e2ce \u00e0 des revues syst\u00e9matiques pertinentes, accessibles et\u2026","coauthors":[],"author_meta":{"author_link":"https:\/\/eumass.eu\/fr\/author\/liesvanmeerbeek\/","display_name":"Oriana Bertucci"},"relative_dates":{"created":"Publi\u00e9 6 ans il y a","modified":"Mis \u00e0 jour 6 ans il y a"},"absolute_dates":{"created":"Publi\u00e9 le 25\/06\/2020","modified":"Mise \u00e0 jour le 26\/06\/2020"},"absolute_dates_time":{"created":"Publi\u00e9 le 25\/06\/2020 12:53","modified":"Mise \u00e0 jour le 26\/06\/2020 14:11"},"featured_img_caption":"","featured_img":false,"series_order":"","_links":{"self":[{"href":"https:\/\/eumass.eu\/fr\/wp-json\/wp\/v2\/pages\/2154","targetHints":{"allow":["GET"]}}],"collection":[{"href":"https:\/\/eumass.eu\/fr\/wp-json\/wp\/v2\/pages"}],"about":[{"href":"https:\/\/eumass.eu\/fr\/wp-json\/wp\/v2\/types\/page"}],"author":[{"embeddable":true,"href":"https:\/\/eumass.eu\/fr\/wp-json\/wp\/v2\/users\/2"}],"replies":[{"embeddable":true,"href":"https:\/\/eumass.eu\/fr\/wp-json\/wp\/v2\/comments?post=2154"}],"version-history":[{"count":9,"href":"https:\/\/eumass.eu\/fr\/wp-json\/wp\/v2\/pages\/2154\/revisions"}],"predecessor-version":[{"id":3484,"href":"https:\/\/eumass.eu\/fr\/wp-json\/wp\/v2\/pages\/2154\/revisions\/3484"}],"wp:attachment":[{"href":"https:\/\/eumass.eu\/fr\/wp-json\/wp\/v2\/media?parent=2154"}],"curies":[{"name":"wp","href":"https:\/\/api.w.org\/{rel}","templated":true}]}}