{"id":7,"date":"2016-07-31T13:23:58","date_gmt":"2016-07-31T13:23:58","guid":{"rendered":"https:\/\/wp.eumass.eu\/?page_id=7"},"modified":"2019-11-26T13:42:34","modified_gmt":"2019-11-26T12:42:34","slug":"about-us","status":"publish","type":"page","link":"https:\/\/eumass.eu\/fr\/about-us\/","title":{"rendered":"A propos de nous"},"content":{"rendered":"<p>French<\/p>\n","protected":false},"excerpt":{"rendered":"<p>French<\/p>\n","protected":false},"author":2,"featured_media":0,"parent":0,"menu_order":2,"comment_status":"closed","ping_status":"closed","template":"","meta":{"_uag_custom_page_level_css":"","advgb_blocks_editor_width":"","advgb_blocks_columns_visual_guide":"","footnotes":""},"class_list":["post-7","page","type-page","status-publish","hentry"],"translation":{"provider":"WPGlobus","version":"3.0.2","language":"fr","enabled_languages":["en","fr"],"languages":{"en":{"title":true,"content":false,"excerpt":false},"fr":{"title":true,"content":true,"excerpt":false}}},"uagb_featured_image_src":{"full":false,"thumbnail":false,"medium":false,"medium_large":false,"large":false,"1536x1536":false,"2048x2048":false},"uagb_author_info":{"display_name":"Oriana Bertucci","author_link":"https:\/\/eumass.eu\/fr\/author\/liesvanmeerbeek\/"},"uagb_comment_info":0,"uagb_excerpt":"French","coauthors":[],"author_meta":{"author_link":"https:\/\/eumass.eu\/fr\/author\/liesvanmeerbeek\/","display_name":"Oriana Bertucci"},"relative_dates":{"created":"Publi\u00e9 10 ans il y a","modified":"Mis \u00e0 jour 6 ans il y a"},"absolute_dates":{"created":"Publi\u00e9 le 31\/07\/2016","modified":"Mise \u00e0 jour le 26\/11\/2019"},"absolute_dates_time":{"created":"Publi\u00e9 le 31\/07\/2016 13:23","modified":"Mise \u00e0 jour le 26\/11\/2019 13:42"},"featured_img_caption":"","featured_img":false,"series_order":"","_links":{"self":[{"href":"https:\/\/eumass.eu\/fr\/wp-json\/wp\/v2\/pages\/7","targetHints":{"allow":["GET"]}}],"collection":[{"href":"https:\/\/eumass.eu\/fr\/wp-json\/wp\/v2\/pages"}],"about":[{"href":"https:\/\/eumass.eu\/fr\/wp-json\/wp\/v2\/types\/page"}],"author":[{"embeddable":true,"href":"https:\/\/eumass.eu\/fr\/wp-json\/wp\/v2\/users\/2"}],"replies":[{"embeddable":true,"href":"https:\/\/eumass.eu\/fr\/wp-json\/wp\/v2\/comments?post=7"}],"version-history":[{"count":12,"href":"https:\/\/eumass.eu\/fr\/wp-json\/wp\/v2\/pages\/7\/revisions"}],"predecessor-version":[{"id":2091,"href":"https:\/\/eumass.eu\/fr\/wp-json\/wp\/v2\/pages\/7\/revisions\/2091"}],"wp:attachment":[{"href":"https:\/\/eumass.eu\/fr\/wp-json\/wp\/v2\/media?parent=7"}],"curies":[{"name":"wp","href":"https:\/\/api.w.org\/{rel}","templated":true}]}}