{"id":98,"date":"2016-08-29T11:09:10","date_gmt":"2016-08-29T11:09:10","guid":{"rendered":"https:\/\/wp.eumass.eu\/?page_id=98"},"modified":"2020-06-26T14:01:21","modified_gmt":"2020-06-26T12:01:21","slug":"internal-regulations","status":"publish","type":"page","link":"https:\/\/eumass.eu\/fr\/about-us\/internal-regulations\/","title":{"rendered":"R\u00e9glement interne"},"content":{"rendered":"<p><a href=\"http:\/\/eumass.eu\/wp-content\/uploads\/2020\/06\/internalregulations2014fr.pdf\">R\u00e9glement en pdf<\/a><\/p>\n<p><strong>PROC\u00c9DURE DE CANDIDATURE pour devenir ME<\/strong>MBRE<\/p>\n<p>L&rsquo;EUMASS-UEMASS est l&rsquo;Union Europ\u00e9enne de M\u00e9decine d&rsquo;Assurance et de S\u00e9curit\u00e9 Sociale. L&rsquo;EUMASS-UEMASS prend donc en compte les candidatures d&rsquo;associations m\u00e9dicales professionnelles et, si de telles associations n&rsquo;existent pas, d&rsquo;organisations repr\u00e9sentant les m\u00e9decins travaillant dans le domaine de la m\u00e9decine d&rsquo;assurance, situ\u00e9es dans les pays europ\u00e9ens.<\/p>\n<p>L&rsquo;association candidate doit :<\/p>\n<ul>\n<li>\uf0b7 Identifier ses principaux int\u00e9r\u00eats \u00e0 devenir membre ;<\/li>\n<li>\uf0b7 D\u00e9crire sa nature et sa structure ;<\/li>\n<li>\uf0b7 Adh\u00e9rer aux objectifs de l&rsquo;EUMASS-UEMASS.<\/li>\n<\/ul>\n<p>La lettre de candidature doit :<\/p>\n<ul>\n<li>\uf0b7 \u00catre adress\u00e9e au Pr\u00e9sident de l&rsquo;EUMASS-UEMASS ;<\/li>\n<li>\uf0b7 \u00catre (\u00e9galement) sign\u00e9e par le pr\u00e9sident de l&rsquo;association ou un repr\u00e9sentant suffisamment autoris\u00e9 de l&rsquo;organisation candidate ;<\/li>\n<\/ul>\n<p>Le ou les futurs repr\u00e9sentants de l&rsquo;association candidate et son\/leurs suppl\u00e9ant(s) doivent \u00eatre m\u00e9decins.<\/p>\n<p>Toutes les candidatures sont \u00e9tudi\u00e9es par le Comit\u00e9 de direction, puis transmises au Conseil qui prend la d\u00e9cision finale par le biais d&rsquo;un vote.<\/p>\n<p>Un candidat pour lequel le Conseil a accept\u00e9 la candidature en tant que membre doit \u00eatre observateur pendant une dur\u00e9e maximale d&rsquo;un an \u00e0 compter de la d\u00e9cision du Conseil.<\/p>\n<p>Obligations li\u00e9es \u00e0 l&rsquo;adh\u00e9sion :<\/p>\n<ul>\n<li>\uf0b7 Respecter les statuts de l&rsquo;EUMASS-UEMASS ;<\/li>\n<li>\uf0b7 R\u00e9gler la cotisation d&rsquo;adh\u00e9sion annuelle ;<\/li>\n<li>\uf0b7 Faire participer un repr\u00e9sentant \/ suppl\u00e9ant \u00e0 au moins une r\u00e9union du Conseil par an ;<\/li>\n<li>\uf0b7 Ne pas discr\u00e9diter l&rsquo;EUMASS-UEMASS.<\/li>\n<\/ul>\n<p><strong>EXCLUSION D&rsquo;UN MEMBRE OU D&rsquo;UN OBSERVATEUR<\/strong><\/p>\n<p>L&rsquo;exclusion d&rsquo;un membre ou d&rsquo;un observateur n\u00e9cessite les conditions suivantes :<\/p>\n<p>1. R\u00e9union du Conseil convoquant tous les membres ;<\/p>\n<p>2. Mention de l&rsquo;exclusion propos\u00e9e \u00e0 l&rsquo;ordre du jour du Conseil avec au moins une br\u00e8ve description du motif de cette proposition ;<\/p>\n<p>3. Le droit \u00e0 la d\u00e9fense, c&rsquo;est-\u00e0-dire l&rsquo;audience du membre dont l&rsquo;exclusion est demand\u00e9e, si celui-ci le souhaite ;<\/p>\n<p>4. La d\u00e9cision du Conseil doit \u00eatre prise \u00e0 la majorit\u00e9 des deux tiers des votes des membres.<\/p>\n<p><strong>BUDGETS ET COMPTES<\/strong><\/p>\n<p>La cotisation d&rsquo;adh\u00e9sion est due par pays. S&rsquo;il existe plusieurs associations membres pour un m\u00eame pays, la cotisation d&rsquo;adh\u00e9sion nationale pourra \u00eatre divis\u00e9e.<\/p>\n<p><strong>COMIT\u00c9 SCIENTIFIQUE<\/strong><\/p>\n<p>Le Comit\u00e9 scientifique d\u00e9veloppera le domaine scientifique de la m\u00e9decine d&rsquo;assurance en Europe. Le Comit\u00e9 scientifique conseille l&rsquo;EUMASS-UEMASS pour toutes les questions concernant la recherche et la science dans le domaine de la m\u00e9decine d&rsquo;assurance, \u00e0 la fois sur demande et de sa propre initiative.<\/p>\n<p>Le Comit\u00e9 scientifique est charg\u00e9 d&rsquo;\u00e9tablir le programme scientifique des futurs congr\u00e8s.<\/p>\n<p>Apr\u00e8s discussions avec le Conseil et le comit\u00e9 d&rsquo;organisation, le Comit\u00e9 scientifique \u00e9tablit le programme du congr\u00e8s et propose de noms de conf\u00e9renciers et d&rsquo;animateurs. Le programme est valid\u00e9 par le Conseil, avec l&rsquo;approbation du Comit\u00e9 d&rsquo;organisation.<\/p>\n<p>Tous les conf\u00e9renciers et animateurs sont invit\u00e9s par lettre formelle sign\u00e9e par le Pr\u00e9sident du Comit\u00e9 scientifique pour le compte de l&rsquo;EUMASS et par le Vice-pr\u00e9sident pour le compte du Comit\u00e9 d&rsquo;organisation.<\/p>\n<p>Le Comit\u00e9 scientifique :<\/p>\n<ul>\n<li><span style=\"font-family: Times New Roman,Times New Roman; font-size: medium;\">&#8211; <\/span><span style=\"font-family: Calibri,Calibri; font-size: medium;\">D\u00e9finit les crit\u00e8res des r\u00e9sum\u00e9s des s\u00e9ances parall\u00e8les et des affiches ; <\/span><\/li>\n<li><span style=\"font-family: Times New Roman,Times New Roman; font-size: medium;\">&#8211; <\/span><span style=\"font-family: Calibri,Calibri; font-size: medium;\">Revoit et d\u00e9cide des r\u00e9sum\u00e9s soumis ; <\/span><\/li>\n<li><span style=\"font-family: Times New Roman,Times New Roman; font-size: medium;\">&#8211; <\/span><span style=\"font-family: Calibri,Calibri; font-size: medium;\">D\u00e9cide des th\u00e8mes des s\u00e9ances parall\u00e8les <\/span><\/li>\n<li><span style=\"font-family: Times New Roman,Times New Roman; font-size: medium;\">&#8211; <\/span><span style=\"font-family: Calibri,Calibri; font-size: medium;\">Alloue les r\u00e9sum\u00e9s aux s\u00e9ances parall\u00e8les ; <\/span><\/li>\n<li><span style=\"font-family: Times New Roman,Times New Roman; font-size: medium;\">&#8211; <\/span><span style=\"font-family: Calibri,Calibri; font-size: medium;\">Sugg\u00e8re des directeurs qualifi\u00e9s pour les s\u00e9ances parall\u00e8les. <\/span><\/li>\n<\/ul>\n<p>\uf0b7 Conform\u00e9ment \u00e0 l&rsquo;article 20 des Statuts :<\/p>\n<ul>\n<li><span style=\"font-family: Times New Roman,Times New Roman; font-size: medium;\">&#8211; <\/span><span style=\"font-family: Calibri,Calibri; font-size: medium;\">Des membres auxiliaires peuvent \u00eatre d\u00e9sign\u00e9s \u00e0 tout moment. <\/span><\/li>\n<li><span style=\"font-family: Times New Roman,Times New Roman; font-size: medium;\">&#8211; <\/span><span style=\"font-family: Calibri,Calibri; font-size: medium;\">Le comit\u00e9 d&rsquo;organisation du pays d&rsquo;accueil du congr\u00e8s \u00e0 venir peut d\u00e9signer un membre auxiliaire sur demande. <\/span><\/li>\n<\/ul>\n<p>\uf0b7 Le Comit\u00e9 scientifique collabore avec le Comit\u00e9 de direction et le comit\u00e9 d&rsquo;organisation du pays accueillant le congr\u00e8s \u00e0 venir.<\/p>\n<ul>\n<li><span style=\"font-family: Times New Roman,Times New Roman; font-size: medium;\">&#8211; <\/span><span style=\"font-family: Calibri,Calibri; font-size: medium;\">Il est utile et n\u00e9cessaire d&rsquo;organiser une r\u00e9union avec le Comit\u00e9 scientifique, le comit\u00e9 d&rsquo;organisation et le Comit\u00e9 de direction, lors de laquelle l&rsquo;\u00e9bauche de programme (suggestions de contenus, aspects logistiques et autres sujets divers) sera discut\u00e9e, au moins un an avant le congr\u00e8s, dans le lieu o\u00f9 celui-ci se tiendra. <\/span><\/li>\n<li><span style=\"font-family: Times New Roman,Times New Roman; font-size: medium;\">&#8211; <\/span><span style=\"font-family: Calibri,Calibri; font-size: medium;\">Le Comit\u00e9 de direction et le Comit\u00e9 scientifique se rencontrent lors de chaque r\u00e9union du Conseil afin de se tenir mutuellement inform\u00e9s. <\/span><\/li>\n<\/ul>\n<p>\uf0b7 En sa qualit\u00e9 de coordinateur, le Vice-pr\u00e9sident peut assister en tant qu&rsquo;observateur aux r\u00e9unions du Comit\u00e9 scientifique.<\/p>\n<p>\uf0b7 Autres t\u00e2ches du Comit\u00e9 scientifique :<\/p>\n<ul>\n<li><span style=\"font-family: Times New Roman,Times New Roman; font-size: medium;\">&#8211; <\/span><span style=\"font-family: Calibri,Calibri; font-size: medium;\">\u00c9valuer les articles scientifiques qui seront publi\u00e9s sur le site Internet de l&rsquo;EUMASS-UEMASS ; <\/span><\/li>\n<li><span style=\"font-family: Times New Roman,Times New Roman; font-size: medium;\">&#8211; <\/span><span style=\"font-family: Calibri,Calibri; font-size: medium;\">Autres th\u00e8mes concernant la m\u00e9decine d&rsquo;assurance. <\/span><\/li>\n<\/ul>\n<p>\uf0b7 Les demandes (pour la recherche) re\u00e7ue par le secr\u00e9tariat seront transmises au Comit\u00e9 scientifique.<\/p>\n<p><strong>CONGR\u00c8S<\/strong><\/p>\n<p>L&rsquo;organisation actuelle suivra un programme avec un calendrier pr\u00e9cis :<\/p>\n<p>Au d\u00e9but de la coop\u00e9ration entre l&rsquo;EUMASS-UEMASS et le pays d&rsquo;accueil, lorsqu&rsquo;un pays est accept\u00e9 pour l&rsquo;organisation du congr\u00e8s \u00e0 venir, une lettre d&rsquo;intention indiquant que l&rsquo;EUMASS-UEMASS et le pays d&rsquo;accueil sont partenaires pour l&rsquo;organisation du congr\u00e8s \u00e0 venir doit \u00eatre r\u00e9dig\u00e9e.<\/p>\n<p>Le Comit\u00e9 de direction doit organiser une r\u00e9union de lancement, de pr\u00e9f\u00e9rence trois ans avant le congr\u00e8s, qui r\u00e9unira le Comit\u00e9 de direction, le Comit\u00e9 scientifique et le comit\u00e9 d&rsquo;organisation, en vue d&rsquo;\u00e9changer les attentes et exp\u00e9riences respectives en la mati\u00e8re.<\/p>\n<p>Lors de cette r\u00e9union de lancement, le programme selon lequel l&rsquo;organisation proc\u00e8dera devra \u00eatre disponible.<\/p>\n<p>Le programme doit permettre un congr\u00e8s bien g\u00e9r\u00e9 d&rsquo;un point de vue financier, co\u00fbtant le moins cher possible, tenant compte des diff\u00e9rents int\u00e9r\u00eats et du programme social.<\/p>\n<p>Le Vice-pr\u00e9sident est le coordinateur entre le Comit\u00e9 scientifique, le comit\u00e9 d&rsquo;organisation et le Comit\u00e9 de direction. Il fait un rapport au Conseil \u00e0 propos de l&rsquo;organisation du congr\u00e8s.<\/p>\n<p>Parties prenantes:<\/p>\n<ul>\n<li>EUMASS-UEMASS<\/li>\n<li>Comit\u00e9 d&rsquo;organisation: int\u00e9r\u00eats locaux en responsabilit\u00e9 financi\u00e8re (le comit\u00e9 d&rsquo;organisation doit \u00eatre d\u00e9sign\u00e9 par l&rsquo;organisateur locale).<\/li>\n<\/ul>\n<p>La r\u00e9alisation du congr\u00e8s (structure, th\u00e8mes, etc.) doit \u00eatre approuv\u00e9e par le Conseil.<\/p>\n<p>L&rsquo;EUMASS-UEMASS demande une accr\u00e9ditation europ\u00e9enne pour ses congr\u00e8s<\/p>\n<p>&nbsp;<\/p>\n","protected":false},"excerpt":{"rendered":"<p>R\u00e9glement en pdf PROC\u00c9DURE DE CANDIDATURE pour devenir MEMBRE L&rsquo;EUMASS-UEMASS est l&rsquo;Union Europ\u00e9enne de M\u00e9decine d&rsquo;Assurance et de S\u00e9curit\u00e9 Sociale. L&rsquo;EUMASS-UEMASS prend donc en compte les candidatures d&rsquo;associations m\u00e9dicales professionnelles et, si de telles associations n&rsquo;existent pas, d&rsquo;organisations repr\u00e9sentant les m\u00e9decins travaillant dans le domaine de la m\u00e9decine d&rsquo;assurance, situ\u00e9es dans les pays europ\u00e9ens. L&rsquo;association [&hellip;]<\/p>\n","protected":false},"author":2,"featured_media":0,"parent":7,"menu_order":3,"comment_status":"closed","ping_status":"closed","template":"","meta":{"_uag_custom_page_level_css":"","advgb_blocks_editor_width":"","advgb_blocks_columns_visual_guide":"","footnotes":""},"class_list":["post-98","page","type-page","status-publish","hentry"],"translation":{"provider":"WPGlobus","version":"3.0.2","language":"fr","enabled_languages":["en","fr"],"languages":{"en":{"title":true,"content":true,"excerpt":false},"fr":{"title":true,"content":true,"excerpt":false}}},"uagb_featured_image_src":{"full":false,"thumbnail":false,"medium":false,"medium_large":false,"large":false,"1536x1536":false,"2048x2048":false},"uagb_author_info":{"display_name":"Oriana Bertucci","author_link":"https:\/\/eumass.eu\/fr\/author\/liesvanmeerbeek\/"},"uagb_comment_info":0,"uagb_excerpt":"R\u00e9glement en pdf PROC\u00c9DURE DE CANDIDATURE pour devenir MEMBRE L&rsquo;EUMASS-UEMASS est l&rsquo;Union Europ\u00e9enne de M\u00e9decine d&rsquo;Assurance et de S\u00e9curit\u00e9 Sociale. L&rsquo;EUMASS-UEMASS prend donc en compte les candidatures d&rsquo;associations m\u00e9dicales professionnelles et, si de telles associations n&rsquo;existent pas, d&rsquo;organisations repr\u00e9sentant les m\u00e9decins travaillant dans le domaine de la m\u00e9decine d&rsquo;assurance, situ\u00e9es dans les pays europ\u00e9ens. L&rsquo;association\u2026","coauthors":[],"author_meta":{"author_link":"https:\/\/eumass.eu\/fr\/author\/liesvanmeerbeek\/","display_name":"Oriana Bertucci"},"relative_dates":{"created":"Publi\u00e9 10 ans il y a","modified":"Mis \u00e0 jour 6 ans il y a"},"absolute_dates":{"created":"Publi\u00e9 le 29\/08\/2016","modified":"Mise \u00e0 jour le 26\/06\/2020"},"absolute_dates_time":{"created":"Publi\u00e9 le 29\/08\/2016 11:09","modified":"Mise \u00e0 jour le 26\/06\/2020 14:01"},"featured_img_caption":"","featured_img":false,"series_order":"","_links":{"self":[{"href":"https:\/\/eumass.eu\/fr\/wp-json\/wp\/v2\/pages\/98","targetHints":{"allow":["GET"]}}],"collection":[{"href":"https:\/\/eumass.eu\/fr\/wp-json\/wp\/v2\/pages"}],"about":[{"href":"https:\/\/eumass.eu\/fr\/wp-json\/wp\/v2\/types\/page"}],"author":[{"embeddable":true,"href":"https:\/\/eumass.eu\/fr\/wp-json\/wp\/v2\/users\/2"}],"replies":[{"embeddable":true,"href":"https:\/\/eumass.eu\/fr\/wp-json\/wp\/v2\/comments?post=98"}],"version-history":[{"count":19,"href":"https:\/\/eumass.eu\/fr\/wp-json\/wp\/v2\/pages\/98\/revisions"}],"predecessor-version":[{"id":1524,"href":"https:\/\/eumass.eu\/fr\/wp-json\/wp\/v2\/pages\/98\/revisions\/1524"}],"up":[{"embeddable":true,"href":"https:\/\/eumass.eu\/fr\/wp-json\/wp\/v2\/pages\/7"}],"wp:attachment":[{"href":"https:\/\/eumass.eu\/fr\/wp-json\/wp\/v2\/media?parent=98"}],"curies":[{"name":"wp","href":"https:\/\/api.w.org\/{rel}","templated":true}]}}